{"id":467,"date":"2020-11-10T12:50:39","date_gmt":"2020-11-10T10:50:39","guid":{"rendered":"http:\/\/tantor.ee\/?page_id=467"},"modified":"2023-11-28T18:23:57","modified_gmt":"2023-11-28T16:23:57","slug":"hinnakiri","status":"publish","type":"page","link":"https:\/\/tantor.ee\/ru\/home\/hinnakiri\/","title":{"rendered":"\u0426\u0435\u043d\u044b"},"content":{"rendered":"<div data-elementor-type=\"wp-page\" data-elementor-id=\"467\" class=\"elementor elementor-467\">\n\t\t\t\t\t\t<section class=\"elementor-section elementor-top-section elementor-element elementor-element-c19d6bd elementor-section-boxed elementor-section-height-default elementor-section-height-default\" data-id=\"c19d6bd\" data-element_type=\"section\">\n\t\t\t\t\t\t<div class=\"elementor-container elementor-column-gap-default\">\n\t\t\t\t\t<div class=\"elementor-column elementor-col-100 elementor-top-column elementor-element elementor-element-6682a1ee\" data-id=\"6682a1ee\" data-element_type=\"column\">\n\t\t\t<div class=\"elementor-widget-wrap elementor-element-populated\">\n\t\t\t\t\t\t<div class=\"elementor-element elementor-element-3b7b8cb6 elementor-widget elementor-widget-text-editor\" data-id=\"3b7b8cb6\" data-element_type=\"widget\" data-widget_type=\"text-editor.default\">\n\t\t\t\t<div class=\"elementor-widget-container\">\n\t\t\t\t\t\t\t\t\t\n<figure class=\"wp-block-table is-style-stripes\"><table><tbody><tr><td>\u0423\u0441\u043b\u0443\u0433\u0430<\/td><td>\u0426\u0435\u043d\u0430 \u0432 \u0435\u0432\u0440\u043e<\/td><td><\/td><\/tr><tr><td>\u041f\u043b\u0430\u0442\u0430 \u0437\u0430 \u043f\u0440\u0438\u0441\u043e\u0435\u0434\u0438\u043d\u0435\u043d\u0438\u0435 (\u043d\u0430\u0441\u0442\u0440\u043e\u0439\u043a\u0430 \u0431\u0443\u0445\u0433\u0430\u043b\u0442\u0435\u0440\u0441\u043a\u043e\u0439 \u043f\u0440\u043e\u0433\u0440\u0430\u043c\u043c\u044b \u0432 \u0441\u043e\u043e\u0442\u0432\u0435\u0442\u0441\u0442\u0432\u0438\u0438 \u0441 \u043d\u0443\u0436\u0434\u0430\u043c\u0438 \u0444\u0438\u0440\u043c\u044b)<\/td><td>15.00<\/td><td>\u041f\u043b\u0430\u0442\u0430 \u0435\u0434\u0438\u043d\u043e\u0440\u0430\u0437\u043e\u0432\u0430\u044f \u0438 \u0432 \u043e\u0442\u0434\u0435\u043b\u044c\u043d\u044b\u0445 \u0441\u043b\u0443\u0447\u0430\u044f\u0445 \u043d\u0435 \u0432\u0437\u044b\u043c\u0430\u0435\u0442\u0441\u044f.<\/td><\/tr><tr><td>\u0420\u0430\u0441\u0447\u0435\u0442 \u0437\/\u043f (\u0434\u043e 3 \u0440\u0430\u0431.) + \u043f\u0440\u0435\u0434\u043e\u0441\u0442\u0430\u0432\u043b\u0435\u043d\u0438\u0435 TSD<\/td><td>7.00<\/td><td>\u0417\u0430\u0432\u0438\u0441\u0438\u0442 \u043e\u0442 \u043a\u043e\u043b\u0438\u0447\u0435\u0441\u0442\u0432\u0430 \u0440\u0430\u0431\u043e\u0442\u043d\u0438\u043a\u043e\u0432. \u0414\u043e\u0431\u0430\u0432\u043b\u044f\u0435\u0442\u0441\u044f \u043e\u0442\u0434\u0435\u043b\u044c\u043d\u043e\u0439 \u0441\u0442\u0440\u043e\u043a\u043e\u0439 \u0432 \u0441\u0447\u0435\u0442.<\/td><\/tr><tr><td>\u041f\u0440\u0435\u0434\u043e\u0441\u0442\u0430\u0432\u043b\u0435\u043d\u0438\u0435 KMD<\/td><td>7.00<\/td><td>\u0414\u043e\u0431\u0430\u0432\u043b\u044f\u0435\u0442\u0441\u044f \u043e\u0442\u0434\u0435\u043b\u044c\u043d\u043e\u0439 \u0441\u0442\u0440\u043e\u043a\u043e\u0439 \u0432 \u0441\u0447\u0435\u0442.<\/td><\/tr><tr><td>FIE\/MT\u00dc (\u0431\u0443\u0445. \u0443\u0441\u043b\u0443\u0433\u0430)<\/td><td>\u0426\u0435\u043d\u0430 \u043f\u043e \u0434\u043e\u0433\u043e\u0432\u043e\u0440\u0435\u043d\u043d\u043e\u0441\u0442\u0438<\/td><td><\/td><\/tr><tr><td>\u041a\u043e\u043d\u0441\u0443\u043b\u044c\u0442\u0430\u0446\u0438\u0438 \u0438 \u0434\u043e\u043f. \u0440\u0430\u0431\u043e\u0442\u0430<\/td><td>10.00 \/ \u0447\u0430\u0441<\/td><td><\/td><\/tr><tr><td>\u0413\u043e\u0434\u043e\u0432\u043e\u0439 \u043e\u0442\u0447\u0435\u0442<\/td><td>\u041c\u0438\u043d\u0438\u043c. \u0446\u0435\u043d\u0430 50,00<\/td><td>\u041f\u043e \u0434\u043e\u0433\u043e\u0432\u043e\u0440\u0435\u043d\u043d\u043e\u0441\u0442\u0438. \u0417\u0430\u0432\u0438\u0441\u0438\u0442 \u043e\u0442 \u043e\u0431\u044a\u0435\u043c\u0430 \u0440\u0430\u0431\u043e\u0442\u044b<\/td><\/tr><tr><td>\u0410\u0440\u0445\u0438\u0432\u0438\u0440\u043e\u0432\u0430\u043d\u0438\u0435<\/td><td>\u0431\u0435\u0441\u043f\u043b\u0430\u0442\u043d\u043e<\/td><td>\u0433\u043e\u0434<\/td><\/tr><tr><td>\u041d\u0430\u0432\u0435\u0434\u0435\u043d\u0438\u0435 \u043f\u043e\u0440\u044f\u0434\u043a\u0430 \u0432 \u043f\u0440\u043e\u0448\u043b\u044b\u0445 \u043f\u0435\u0440\u0438\u043e\u0434\u0430\u0445<\/td><td>\u0426\u0435\u043d\u0430 \u043f\u043e \u0434\u043e\u0433\u043e\u0432\u043e\u0440\u0435\u043d\u043d\u043e\u0441\u0442\u0438<\/td><td><\/td><\/tr><tr><td>\u0412\u043e\u0441\u0441\u0442\u0430\u043d\u043e\u0432\u043b\u0435\u043d\u0438\u0435 \u0431\u0443\u0445\u0433\u0430\u043b\u0442\u0435\u0440\u0438\u0438 \u043f\u0440\u043e\u0448\u043b\u044b\u0445 \u043f\u0435\u0440\u0438\u043e\u0434\u043e\u0432<\/td><td>\u0426\u0435\u043d\u0430 \u043f\u043e \u0434\u043e\u0433\u043e\u0432\u043e\u0440\u0435\u043d\u043d\u043e\u0441\u0442\u0438<\/td><td><\/td><\/tr><tr><td class=\"translation-block\">\u0421\u043e\u0441\u0442\u0430\u0432\u043b\u0435\u043d\u0438\u0435 \u0442\u0440\u0443\u0434\u043e\u0432\u044b\u0445 \u0434\u043e\u0433\u043e\u0432\u043e\u0440\u043e\u0432 \u0438 \u0434\u043e\u0433\u043e\u0432\u043e\u0440\u043e\u0432 \u043f\u043e\u0434\u0440\u044f\u0434\u0430<\/td><td>5.00 \/ \u0448\u0442.<\/td><td>\u041a\u0430\u0441\u0430\u0435\u0442\u0441\u044f \u043e\u0431\u0449\u0438\u0445 \u0442\u0440\u0443\u0434\u043e\u0432\u044b\u0445 \u0434\u043e\u0433\u043e\u0432\u043e\u0440\u043e\u0432<\/td><\/tr><tr><td>\u0411\u0443\u0445\u0433\u0430\u043b\u0442\u0435\u0440\u0441\u043a\u0430\u044f \u0443\u0441\u043b\u0443\u0433\u0430 \u0434\u043b\u044f K\u00dc<\/td><td>\u0414\u043e 25 \u043a\u0432\u0430\u0440\u0442\u0438\u0440 \u043c\u0438\u043d\u0438\u043c\u0430\u043b\u044c\u043d\u0430\u044f \u0441\u0442\u043e\u0438\u043c\u043e\u0441\u0442\u044c \u0441\u043e\u0441\u0442\u0430\u0432\u043b\u044f\u0435\u0442 60 \u0435\u0432\u0440\u043e.<br \/>\u0414\u043b\u044f \u0431\u043e\u043b\u044c\u0448\u0435\u0433\u043e \u043a\u043e\u043b\u0438\u0447\u0435\u0441\u0442\u0432\u0430 \u043a\u0432\u0430\u0440\u0442\u0438\u0440 \u0446\u0435\u043d\u0430 \u043f\u043e \u0434\u043e\u0433\u043e\u0432\u043e\u0440\u0435\u043d\u043d\u043e\u0441\u0442\u0438. \u0423\u0441\u043b\u0443\u0433\u0430 \u043e\u043a\u0430\u0437\u044b\u0432\u0430\u0435\u0442\u0441\u044f \u0447\u0435\u0440\u0435\u0437 \u0441\u0438\u0441\u0442\u0435\u043c\u0443 www.korto.ee.<br \/>\u041a\u0430\u0436\u0434\u044b\u0439 \u0441\u043e\u0431\u0441\u0442\u0432\u0435\u043d\u043d\u0438\u043a \u0438\u043b\u0438 \u0430\u0440\u0435\u043d\u0434\u0430\u0442\u043e\u0440 \u043f\u043e\u043b\u0443\u0447\u0438\u0442 \u0434\u043e\u0441\u0442\u0443\u043f \u0432 \u043f\u0440\u043e\u0433\u0440\u0430\u043c\u043c\u0443.<br \/>\u0411\u0443\u0434\u0435\u0442 \u0432\u043e\u0437\u043c\u043e\u0436\u043d\u043e\u0441\u0442\u044c \u043f\u043e\u0434\u0430\u0432\u0430\u0442\u044c \u043f\u043e\u043a\u0430\u0437\u0430\u043d\u0438\u044f \u0447\u0435\u0440\u0435\u0437 \u0438\u043d\u0442\u0435\u0440\u043d\u0435\u0442.<\/td><td>\u0417\u0430\u0432\u0438\u0441\u0438\u0442 \u043e\u0442 \u043a\u043e\u043b\u0438\u0447\u0435\u0441\u0442\u0432\u0430 \u043a\u0432\u0430\u0440\u0442\u0438\u0440.<br \/>\u0413\u043e\u0434\u043e\u0432\u043e\u0439 \u043e\u0442\u0447\u0435\u0442 \u0437\u0430 \u043e\u0442\u0434\u0435\u043b\u044c\u043d\u0443\u044e \u043f\u043b\u0430\u0442\u0443.<br \/><\/td><\/tr><\/tbody><\/table><\/figure>\n\n\n\n<p><strong>\u0421\u0432\u044f\u0436\u0438\u0442\u0435\u0441\u044c \u0441 \u043d\u0430\u043c\u0438 \u0438 \u043c\u044b \u0432\u043c\u0435\u0441\u0442\u0435 \u043d\u0430\u0439\u0434\u0435\u043c \u043b\u0443\u0447\u0448\u0435\u0435 \u0440\u0435\u0448\u0435\u043d\u0438\u0435!<\/strong><\/p>\n\t\t\t\t\t\t\t\t<\/div>\n\t\t\t\t<\/div>\n\t\t\t\t\t<\/div>\n\t\t<\/div>\n\t\t\t\t\t<\/div>\n\t\t<\/section>\n\t\t\t\t<\/div>","protected":false},"excerpt":{"rendered":"<p>Teenus Hind eurodes Liitumistasu (raamatupidamisprogrammi seadistamine vastavalt ettev\u00f5tte vajadustele) 15.00 Tasu on \u00fchekordne. Palgaarvestus (kuni 3 in) koos TSD esitamisega 7.00 Oleneb t\u00f6\u00f6tajate arvust. Lisatakse arvele eraldi reana. KMD esitamine 7.00 Lisatakse arvele eraldi reana. FIE \/ MT\u00dc (raamatupidamisteenus) Hind kokkuleppel Konsultatsioonid ja t\u00e4iendav t\u00f6\u00f6 10.00 \/ tund Aasta aruanne alates 50.00 Kokkuleppel. Oleneb t\u00f6\u00f6 [&hellip;]<\/p>","protected":false},"author":1,"featured_media":0,"parent":583,"menu_order":0,"comment_status":"closed","ping_status":"closed","template":"","meta":{"site-sidebar-layout":"default","site-content-layout":"","ast-site-content-layout":"default","site-content-style":"default","site-sidebar-style":"default","ast-global-header-display":"","ast-banner-title-visibility":"","ast-main-header-display":"","ast-hfb-above-header-display":"","ast-hfb-below-header-display":"","ast-hfb-mobile-header-display":"","site-post-title":"","ast-breadcrumbs-content":"","ast-featured-img":"","footer-sml-layout":"","theme-transparent-header-meta":"","adv-header-id-meta":"","stick-header-meta":"","header-above-stick-meta":"","header-main-stick-meta":"","header-below-stick-meta":"","astra-migrate-meta-layouts":"set","ast-page-background-enabled":"default","ast-page-background-meta":{"desktop":{"background-color":"var(--ast-global-color-4)","background-image":"","background-repeat":"repeat","background-position":"center center","background-size":"auto","background-attachment":"scroll","background-type":"","background-media":"","overlay-type":"","overlay-color":"","overlay-opacity":"","overlay-gradient":""},"tablet":{"background-color":"","background-image":"","background-repeat":"repeat","background-position":"center center","background-size":"auto","background-attachment":"scroll","background-type":"","background-media":"","overlay-type":"","overlay-color":"","overlay-opacity":"","overlay-gradient":""},"mobile":{"background-color":"","background-image":"","background-repeat":"repeat","background-position":"center center","background-size":"auto","background-attachment":"scroll","background-type":"","background-media":"","overlay-type":"","overlay-color":"","overlay-opacity":"","overlay-gradient":""}},"ast-content-background-meta":{"desktop":{"background-color":"var(--ast-global-color-5)","background-image":"","background-repeat":"repeat","background-position":"center center","background-size":"auto","background-attachment":"scroll","background-type":"","background-media":"","overlay-type":"","overlay-color":"","overlay-opacity":"","overlay-gradient":""},"tablet":{"background-color":"var(--ast-global-color-5)","background-image":"","background-repeat":"repeat","background-position":"center center","background-size":"auto","background-attachment":"scroll","background-type":"","background-media":"","overlay-type":"","overlay-color":"","overlay-opacity":"","overlay-gradient":""},"mobile":{"background-color":"var(--ast-global-color-5)","background-image":"","background-repeat":"repeat","background-position":"center center","background-size":"auto","background-attachment":"scroll","background-type":"","background-media":"","overlay-type":"","overlay-color":"","overlay-opacity":"","overlay-gradient":""}},"footnotes":""},"class_list":["post-467","page","type-page","status-publish","hentry"],"_links":{"self":[{"href":"https:\/\/tantor.ee\/ru\/wp-json\/wp\/v2\/pages\/467","targetHints":{"allow":["GET"]}}],"collection":[{"href":"https:\/\/tantor.ee\/ru\/wp-json\/wp\/v2\/pages"}],"about":[{"href":"https:\/\/tantor.ee\/ru\/wp-json\/wp\/v2\/types\/page"}],"author":[{"embeddable":true,"href":"https:\/\/tantor.ee\/ru\/wp-json\/wp\/v2\/users\/1"}],"replies":[{"embeddable":true,"href":"https:\/\/tantor.ee\/ru\/wp-json\/wp\/v2\/comments?post=467"}],"version-history":[{"count":8,"href":"https:\/\/tantor.ee\/ru\/wp-json\/wp\/v2\/pages\/467\/revisions"}],"predecessor-version":[{"id":829,"href":"https:\/\/tantor.ee\/ru\/wp-json\/wp\/v2\/pages\/467\/revisions\/829"}],"up":[{"embeddable":true,"href":"https:\/\/tantor.ee\/ru\/wp-json\/wp\/v2\/pages\/583"}],"wp:attachment":[{"href":"https:\/\/tantor.ee\/ru\/wp-json\/wp\/v2\/media?parent=467"}],"curies":[{"name":"wp","href":"https:\/\/api.w.org\/{rel}","templated":true}]}}